{"id":6,"date":"2018-04-29T22:15:36","date_gmt":"2018-04-29T20:15:36","guid":{"rendered":"https:\/\/login.pluginkollektiv.org\/asb\/?page_id=6"},"modified":"2020-12-19T14:33:42","modified_gmt":"2020-12-19T13:33:42","slug":"frontpage","status":"publish","type":"page","link":"https:\/\/antivirus.pluginkollektiv.org\/de\/","title":{"rendered":"AntiVirus"},"content":{"rendered":"\n<div class=\"wp-block-image is-style-default\"><figure class=\"alignleft size-large\"><img loading=\"lazy\" decoding=\"async\" width=\"256\" height=\"256\" src=\"https:\/\/antivirus.pluginkollektiv.org\/de\/wp-content\/uploads\/sites\/13\/2020\/12\/icon-256x256-1.png\" alt=\"\" class=\"wp-image-57\" srcset=\"https:\/\/antivirus.pluginkollektiv.org\/de\/wp-content\/uploads\/sites\/13\/2020\/12\/icon-256x256-1.png 256w, https:\/\/antivirus.pluginkollektiv.org\/de\/wp-content\/uploads\/sites\/13\/2020\/12\/icon-256x256-1-150x150.png 150w\" sizes=\"auto, (max-width: 256px) 100vw, 256px\" \/><\/figure><\/div>\n\n\n\n<p><em>Antivirus f\u00fcr WordPress<\/em>&nbsp;ist ein einfach zu bedienendes, sicheres Werkzeug, um deine WordPress-Seite gegen Exploits, Malware und Spam zu h\u00e4rten.<br>Du kannst&nbsp;<em>Antivirus<\/em>&nbsp;so konfigurieren, dass automatisierte t\u00e4gliche Pr\u00fcfungen deiner Designdateien und Datenbank-Tabellen durchgef\u00fchrt werden. Wenn das Plugin verd\u00e4chtigen Quelltext erkennt, sendet es eine Benachrichtigung an eine zuvor konfigurierte E-Mail-Adresse.<\/p>\n\n\n\n<div class=\"wp-block-columns has-3-columns is-layout-flex wp-container-core-columns-is-layout-9d6595d7 wp-block-columns-is-layout-flex\">\n<div class=\"wp-block-column is-layout-flow wp-block-column-is-layout-flow\">\n<div class=\"wp-block-button\"><a class=\"wp-block-button__link\" href=\"https:\/\/de.wordpress.org\/plugins\/antivirus\/\">Download<\/a><\/div>\n<\/div>\n\n\n\n<div class=\"wp-block-column is-layout-flow wp-block-column-is-layout-flow\">\n<div class=\"wp-block-button\"><a class=\"wp-block-button__link\" href=\"https:\/\/wordpress.org\/support\/plugin\/antispam-bee\/\">Support -Forum<\/a><\/div>\n\n\n\n<p><\/p>\n<\/div>\n\n\n\n<div class=\"wp-block-column is-layout-flow wp-block-column-is-layout-flow\">\n<div class=\"wp-block-button\"><a class=\"wp-block-button__link\" href=\"https:\/\/antivirus.pluginkollektiv.org\/de\/documentation\/\">Dokumentation<\/a><\/div>\n<\/div>\n<\/div>\n\n\n\n<p><\/p>\n","protected":false},"excerpt":{"rendered":"<p>Antivirus f\u00fcr WordPress&nbsp;ist ein einfach zu bedienendes, sicheres Werkzeug, um deine WordPress-Seite gegen Exploits, Malware und Spam zu h\u00e4rten.Du kannst&nbsp;Antivirus&nbsp;so konfigurieren, dass automatisierte t\u00e4gliche Pr\u00fcfungen deiner Designdateien und Datenbank-Tabellen durchgef\u00fchrt werden. Wenn das Plugin verd\u00e4chtigen Quelltext erkennt, sendet es eine Benachrichtigung an eine zuvor konfigurierte E-Mail-Adresse.<\/p>\n","protected":false},"author":1,"featured_media":0,"parent":0,"menu_order":0,"comment_status":"closed","ping_status":"closed","template":"","meta":{"footnotes":""},"class_list":["post-6","page","type-page","status-publish","hentry","post","without-featured-image"],"_links":{"self":[{"href":"https:\/\/antivirus.pluginkollektiv.org\/de\/wp-json\/wp\/v2\/pages\/6","targetHints":{"allow":["GET"]}}],"collection":[{"href":"https:\/\/antivirus.pluginkollektiv.org\/de\/wp-json\/wp\/v2\/pages"}],"about":[{"href":"https:\/\/antivirus.pluginkollektiv.org\/de\/wp-json\/wp\/v2\/types\/page"}],"author":[{"embeddable":true,"href":"https:\/\/antivirus.pluginkollektiv.org\/de\/wp-json\/wp\/v2\/users\/1"}],"replies":[{"embeddable":true,"href":"https:\/\/antivirus.pluginkollektiv.org\/de\/wp-json\/wp\/v2\/comments?post=6"}],"version-history":[{"count":8,"href":"https:\/\/antivirus.pluginkollektiv.org\/de\/wp-json\/wp\/v2\/pages\/6\/revisions"}],"predecessor-version":[{"id":69,"href":"https:\/\/antivirus.pluginkollektiv.org\/de\/wp-json\/wp\/v2\/pages\/6\/revisions\/69"}],"wp:attachment":[{"href":"https:\/\/antivirus.pluginkollektiv.org\/de\/wp-json\/wp\/v2\/media?parent=6"}],"curies":[{"name":"wp","href":"https:\/\/api.w.org\/{rel}","templated":true}]}}